{"id":2,"date":"2020-05-15T20:49:59","date_gmt":"2020-05-15T20:49:59","guid":{"rendered":"https:\/\/2020.ppe.com.uy\/?page_id=2"},"modified":"2025-06-16T15:52:25","modified_gmt":"2025-06-16T18:52:25","slug":"servicios","status":"publish","type":"page","link":"https:\/\/ppe.com.uy\/index.php\/servicios\/","title":{"rendered":"SERVICIOS"},"content":{"rendered":"\n<h2 class=\"wp-block-heading\"><strong><span style=\"color:#003152\" class=\"has-inline-color\">ADMINISTRATIVO<\/span><\/strong> <span style=\"color:#003152\" class=\"has-inline-color\">Y REGULATORIO<\/span><\/h2>\n\n\n\n<span class=\"collapseomatic \" id=\"id69d07c3d8f591\"  tabindex=\"0\" title=\"\"    ><\/span><div id=\"target-id69d07c3d8f591\" class=\"collapseomatic_content \">\n\n\n\n<p>Asesoramos a empresas privadas, en temas de derecho administrativo, preparando propuestas de iniciativa privada para concesiones p\u00fablicas y ofertas para procedimientos competitivos.<\/p>\n\n\n\n<p>Nuestra experiencia se centra en las siguientes \u00e1reas:<\/p>\n\n\n\n<ul class=\"wp-block-list\"><li>&nbsp;Estrategias de negociaci\u00f3n y renegociaci\u00f3n de contratos administrativos.<\/li><li>Proyectos de infraestructura, financiaci\u00f3n de proyectos y asociaciones p\u00fablico-privadas.<\/li><li>Asesoramiento profesional ante diferentes organismos reguladores.<\/li><li>Licitaciones.<\/li><li>Conflictos administrativos.<\/li><li>Patrocinio v\u00eda administrativa y judicial.<\/li><\/ul>\n\n\n\n<\/div>\n\n\n\n<h2 class=\"wp-block-heading\"><strong><span style=\"color:#003152\" class=\"has-inline-color\">AMBIENTAL<\/span><\/strong><\/h2>\n\n\n\n<span class=\"collapseomatic \" id=\"id69d07c3d8f5eb\"  tabindex=\"0\" title=\"\"    ><\/span><div id=\"target-id69d07c3d8f5eb\" class=\"collapseomatic_content \">\n\n\n\n<p>Asesoramos a nuestros clientes en los distintos aspectos vinculados al derecho ambiental, a partir de nuestra experiencia y participaci\u00f3n en el asesoramiento al sector industrial especialmente en lo que refiere a la Industria Qu\u00edmica.<\/p>\n\n\n\n<p>Nuestra experiencia se centra en las siguientes \u00e1reas:<\/p>\n\n\n\n<ul class=\"wp-block-list\"><li>Procesos administrativos y conflictos ambientales.<\/li><li>Asesoramiento a las empresas en el proceso de instalaci\u00f3n y mantenimiento de habilitaciones y dem\u00e1s procesos ambientales, incluyendo aspectos regulatorios referidos a procesos de evaluaci\u00f3n sobre eventual impacto ambiental.<\/li><\/ul>\n\n\n\n<\/div>\n\n\n\n<h2 class=\"wp-block-heading\"><strong><span style=\"color:#003152\" class=\"has-inline-color\">ASESORAMIENTO EN SALUD Y MEDICAMENTOS<\/span><\/strong><\/h2>\n\n\n\n<span class=\"collapseomatic \" id=\"id69d07c3d8f624\"  tabindex=\"0\" title=\"\"    ><\/span><div id=\"target-id69d07c3d8f624\" class=\"collapseomatic_content \">\n\n\n\n<p>Asesoramos y representamos a empresas locales e internacionales vinculados al sector salud, farmac\u00e9utico y material m\u00e9dico.<\/p>\n\n\n\n<p>Nuestra experiencia se centra en las siguientes \u00e1reas:<\/p>\n\n\n\n<ul class=\"wp-block-list\"><li>Redacci\u00f3n de contratos de suministro, distribuci\u00f3n.<\/li><li>Tecnolog\u00eda m\u00e9dica.<\/li><li>Historias Cl\u00ednicas e Historias Cl\u00ednicas Electr\u00f3nicas.<\/li><li>Prescripci\u00f3n electr\u00f3nica.<\/li><li>Consentimiento informado.<\/li><li>Consultas m\u00e9dicas On Line y su correspondiente regulaci\u00f3n.<\/li><li>&nbsp;Publicidad de los servicios de salud.<\/li><li>Registro de empresas fabricantes, importadores as\u00ed como de los productos y dem\u00e1s aspectos necesarios para realizar las actividades seg\u00fan el marco regulatorio aplicable.<\/li><li>Obtenci\u00f3n y mantenimiento de habilitaciones otorgadas por los organismos competentes.<\/li><\/ul>\n\n\n\n<\/div>\n\n\n\n<h2 class=\"wp-block-heading\"><span style=\"color:#003152\" class=\"has-inline-color\">ASESORAMIENTO EN MATERIA MIGRATORIA Y RESIDENCIAS<\/span><\/h2>\n\n\n\n<span class=\"collapseomatic \" id=\"id69d07c3d8f649\"  tabindex=\"0\" title=\"\"    ><\/span><div id=\"target-id69d07c3d8f649\" class=\"collapseomatic_content \">\n\n\n\n<p>Asesoramos en todos los aspectos vinculados a temas migratorios, tales como la obtenci\u00f3n de la residencia legal definitiva, residencia legal temporaria y hoja de identidad provisoria.<\/p>\n\n\n\n<p>Nuestra experiencia se centra en las siguientes \u00e1reas:<\/p>\n\n\n\n<ul class=\"wp-block-list\"><li>Tr\u00e1mites de residencias y ciudadan\u00eda.<\/li><li>Registro de partidas y certificados.<\/li><li>Asesoramiento en tr\u00e1mites consulares.<\/li><\/ul>\n\n\n\n<\/div>\n\n\n\n<h2 class=\"wp-block-heading\"><span style=\"color:#003152\" class=\"has-inline-color\">BANCARIO Y FINANCIERO<\/span><\/h2>\n\n\n\n<span class=\"collapseomatic \" id=\"id69d07c3d8f668\"  tabindex=\"0\" title=\"\"    ><\/span><div id=\"target-id69d07c3d8f668\" class=\"collapseomatic_content \">\n\n\n\n<p>Asesoramos a nuestros clientes sobre la instalaci\u00f3n o constituci\u00f3n y mantenimiento de entidades cuya actividad se encuentra alcanzada por las regulaciones dictadas por el Banco Central del Uruguay (BCU).<\/p>\n\n\n\n<\/div>\n\n\n\n<h2 class=\"wp-block-heading\"><span style=\"color:#003152\" class=\"has-inline-color\">CONTENCIOSO<\/span><\/h2>\n\n\n\n<span class=\"collapseomatic \" id=\"id69d07c3d8f686\"  tabindex=\"0\" title=\"\"    ><\/span><div id=\"target-id69d07c3d8f686\" class=\"collapseomatic_content \">\n\n\n\n<p>Asesoramos a nuestros clientes en materia civil, societaria, empresarial, bienes y patrimonio personal, laboral, represent\u00e1ndolos en juicios tramitados ante los tribunales de la Rep\u00fablica.<\/p>\n\n\n\n<p>Nuestra experiencia se centra en las siguientes \u00e1reas:<\/p>\n\n\n\n<ul class=\"wp-block-list\"><li>Conflictos judiciales y extrajudiciales con el Estado y sus distintas reparticiones.<\/li><li>Reconocimiento y ejecuci\u00f3n de sentencias y laudos arbitrales extranjeros en el Uruguay.<\/li><li>Recursos administrativos, evacuaci\u00f3n de vistas y acciones de nulidad ante el Tribunal de lo Contencioso Administrativo.<\/li><li>Asesoramiento y adopci\u00f3n de medidas cautelares, medidas preparatorias, embargos.<\/li><li>En materia concursal asesoramos a nuestros clientes sobre concurso, quiebras y derechos de los acreedores, a efectos de verificar sus cr\u00e9ditos, como tambi\u00e9n asesorar a deudores en reestructuraciones de deudas en sede judicial o en proceso extrajudicial.<\/li><\/ul>\n\n\n\n<\/div>\n\n\n\n<h2 class=\"wp-block-heading\"><span style=\"color:#003152\" class=\"has-inline-color\">CORPORATIVO<\/span><\/h2>\n\n\n\n<span class=\"collapseomatic \" id=\"id69d07c3d8f6a3\"  tabindex=\"0\" title=\"\"    ><\/span><div id=\"target-id69d07c3d8f6a3\" class=\"collapseomatic_content \">\n\n\n\n<p>Asesoramos a nuestros clientes en servicios especializados en materia de Derecho Comercial y Societario, incluyendo el manejo y desarrollo de las estructuras societarias y procesos para la Adquisici\u00f3n o Venta de Empresas.<\/p>\n\n\n\n<p>Nuestra experiencia se centra en las siguientes \u00e1reas:<\/p>\n\n\n\n<ul class=\"wp-block-list\"><li>Asesoramiento a empresas nacionales e internacionales desde el inicio de sus operaciones en todos los aspectos relacionados con la constituci\u00f3n e inscripci\u00f3n de sociedades; as\u00ed como tambi\u00e9n con el mantenimiento ordinario societario y en todos sus contratos.<\/li><li>Due Diligence.<\/li><li>Compraventa de acciones y activos.<\/li><li>Contrato de sindicaci\u00f3n de acciones.<\/li><li>Responsabilidad de los directores y\/o administradores.<\/li><li>Redacci\u00f3n de contratos, como ser: de agencia, distribuci\u00f3n, franquicia, licencia, compraventa de mercader\u00edas.<\/li><li>Asesoramiento y representaci\u00f3n en concursos y liquidaciones.<\/li><li>Acuerdos pre-concursales, reorganizaci\u00f3n empresarial, convenios extrajudiciales y refinanciaciones.<\/li><li>Asesoramiento general a accionistas y directores.<\/li><li>Auditor\u00eda Interna de la Naci\u00f3n.<\/li><li>Asesoramiento Regulatorio.<\/li><li>Acuerdos comerciales y con el Estado\/Licitaciones.<\/li><li>Asesoramiento para la instalaci\u00f3n de empresas en territorio franco.<\/li><li>Estructuraci\u00f3n fiduciaria, fideicomiso de Administraci\u00f3n y Garant\u00eda.<\/li><li>Redacci\u00f3n de contratos inform\u00e1ticos y tecnol\u00f3gicos.<\/li><li>Cumplimiento con las normativas nacionales e internacionales contra las practicas anticorrupci\u00f3n.<\/li><\/ul>\n\n\n\n<\/div>\n\n\n\n<h2 class=\"wp-block-heading\"><span style=\"color:#003152\" class=\"has-inline-color\">CUMPLIMIENTO NORMATIVO<\/span><\/h2>\n\n\n\n<span class=\"collapseomatic \" id=\"id69d07c3d8f6c0\"  tabindex=\"0\" title=\"\"    ><\/span><div id=\"target-id69d07c3d8f6c0\" class=\"collapseomatic_content \">\n\n\n\n<p>Asesoramos a nuestros clientes en el cumplimiento de la normativa aplicable a sus actividades y en materia de prevenci\u00f3n de lavado de activos y financiamiento del terrorismo.<\/p>\n\n\n\n<p>Nuestra experiencia se centra en las siguientes \u00e1reas:<\/p>\n\n\n\n<ul class=\"wp-block-list\"><li>Asesoramiento espec\u00edfico seg\u00fan el marco regulatorio aplicable a cada actividad espec\u00edfica.<\/li><li>Asesoramiento en prevenci\u00f3n y lavado de activos.<\/li><li>Conocimiento de cliente, manuales de prevenci\u00f3n y C\u00f3digo de \u00c9tica.<\/li><li>Asesoramiento en aspectos vinculados a intentos de fraude, o delito contra intereses empresariales o de terceros.<\/li><\/ul>\n\n\n\n<\/div>\n\n\n\n<h2 class=\"wp-block-heading\"><span style=\"color:#003152\" class=\"has-inline-color\">DERECHO DE LA COMPETENCIA<\/span><\/h2>\n\n\n\n<span class=\"collapseomatic \" id=\"id69d07c3d8f6db\"  tabindex=\"0\" title=\"\"    ><\/span><div id=\"target-id69d07c3d8f6db\" class=\"collapseomatic_content \">\n\n\n\n<p>Asesoramos a clientes en relaci\u00f3n a los aspectos vinculados con conductas anticompetitivas y control de concentraciones econ\u00f3micas.<\/p>\n\n\n\n<p>Nuestra experiencia se centra en las siguientes \u00e1reas:<\/p>\n\n\n\n<ul class=\"wp-block-list\"><li>Asesoramiento en materia de competencia (pr\u00e1cticas anticompetitivas y concentraci\u00f3n econ\u00f3mica).<\/li><li>Procesos administrativos por denuncia y defensa ante la Comisi\u00f3n de Promoci\u00f3n y Defensa de la Competencia.<\/li><\/ul>\n\n\n\n<\/div>\n\n\n\n<h2 class=\"wp-block-heading\"><span style=\"color:#003152\" class=\"has-inline-color\">LABORAL<\/span><\/h2>\n\n\n\n<span class=\"collapseomatic \" id=\"id69d07c3d8f6f7\"  tabindex=\"0\" title=\"\"    ><\/span><div id=\"target-id69d07c3d8f6f7\" class=\"collapseomatic_content \">\n\n\n\n<p>Asesoramos a nuestros clientes desarrollando soluciones que apuntan a que nuestros clientes puedan identificar potenciales problemas y tomar las acciones necesarias que les permita prevenir o mitigar situaciones litigiosas respecto a su personal, el personal tercerizado y asociaciones sindicales, represent\u00e1ndolos adem\u00e1s en actuaciones judiciales y administrativas que se puedan generar en asuntos relacionados con la materia laboral y de seguridad social.<\/p>\n\n\n\n<p>Nuestra experiencia se centra en las siguientes \u00e1reas:<\/p>\n\n\n\n<ul class=\"wp-block-list\"><li>Elaboraci\u00f3n y negociaci\u00f3n de contratos de trabajo y\/o recisiones (convenios).<\/li><li>Contrataci\u00f3n del personal, c\u00e1lculos de costos laborales, liquidaci\u00f3n de salarios y dem\u00e1s remuneraciones.<\/li><li>Asesoramiento acerca de beneficios generales y especiales para el sector que pertenezca la empresa.<\/li><li>Due Diligence Laboral.<\/li><li>Auditor\u00edas Laborales y cumplimiento de las normas laborales de seguridad social e higiene y salud ocupacional.<\/li><li>Negociaci\u00f3n de conflictos de trabajo, individuales y colectivos; Negociaci\u00f3n, convenios y conflictos colectivos.<\/li><\/ul>\n\n\n\n<\/div>\n\n\n\n<h2 class=\"wp-block-heading\"><span style=\"color:#003152\" class=\"has-inline-color\">NOTARIAL<\/span><\/h2>\n\n\n\n<span class=\"collapseomatic \" id=\"id69d07c3d8f712\"  tabindex=\"0\" title=\"\"    ><\/span><div id=\"target-id69d07c3d8f712\" class=\"collapseomatic_content \">\n\n\n\n<p>Asesoramos a nuestros clientes en todo el proceso jur\u00eddico: controles e inspecciones, tramitaci\u00f3n, gesti\u00f3n de permisos, certificado de ingresos, apertura o clausura de empresas.<\/p>\n\n\n\n<p>Nuestra experiencia se centra en las siguientes \u00e1reas:<\/p>\n\n\n\n<ul class=\"wp-block-list\"><li>Escrituras p\u00fablicas de transferencias.<\/li><li>Constituci\u00f3n de hipotecas u otras garant\u00edas.<\/li><li>Certificaciones, Servicios notariales en general.<\/li><li>Fideicomisos Inmobiliarios.<\/li><li>Control de garant\u00edas hipotecarias, prendarias, leasings, en el sistema financiero.<\/li><\/ul>\n\n\n\n<\/div>\n\n\n\n<h2 class=\"wp-block-heading\"><strong><span style=\"color:#003152\" class=\"has-inline-color\">PROTECCI\u00d3N DE DATOS <\/span><\/strong><\/h2>\n\n\n\n<span class=\"collapseomatic \" id=\"id69d07c3d8f72e\"  tabindex=\"0\" title=\"\"    ><\/span><div id=\"target-id69d07c3d8f72e\" class=\"collapseomatic_content \">\n\n\n\n<p>Asesoramiento a entidades tanto p\u00fablicas como privadas en el proceso de adaptaci\u00f3n a los nuevos est\u00e1ndares impuestos a nivel global en materia de privacidad y protecci\u00f3n de datos personales.&nbsp;<\/p>\n\n\n\n<p>Servicio de Delegado de Protecci\u00f3n de Datos Personales (DPD) o Data Protection Officer (DPO) externo, lo cual incluye:&nbsp;<\/p>\n\n\n\n<ul class=\"wp-block-list\"><li>Asesoramiento en la formulaci\u00f3n, dise\u00f1o y aplicaci\u00f3n de pol\u00edticas de protecci\u00f3n de datos personales:&nbsp; intervenci\u00f3n en la redacci\u00f3n de los contratos de servicios con los encargados de tratamiento, redacci\u00f3n de cl\u00e1usulas necesarias para los formularios o tr\u00e1mites de las entidades, redacci\u00f3n de pol\u00edticas de privacidad y capacitaci\u00f3n al personal en materia de protecci\u00f3n de datos personales.&nbsp;<br><br><\/li><li>Supervisi\u00f3n del cumplimiento de la normativa sobre protecci\u00f3n de datos personales en las entidades:&nbsp;inscripci\u00f3n o actualizaci\u00f3n de los registros de bases de datos de la entidad, realizaci\u00f3n de las evaluaciones de impacto en el tratamiento y velar por el cumplimiento de los principios nacionales e internacionales en materia de privacidad.&nbsp;&nbsp;<br><br><\/li><li>Adopci\u00f3n de todas las medidas pertinentes para adecuarse a la normativa y a los est\u00e1ndares internacionales en materia de protecci\u00f3n de datos personales y verificar su realizaci\u00f3n: elaboraci\u00f3n de protocolos y adopci\u00f3n de determinadas medidas de seguridad, entre otras tareas inherentes al cargo.<br>&nbsp;<br><\/li><li>Cooperaci\u00f3n y actuaci\u00f3n como nexo con la Unidad Reguladora y de Control de Datos Personales (URCDP):&nbsp;&nbsp;presentaci\u00f3n de consultas al \u00f3rgano de control o poner en conocimiento de \u00e9ste situaciones que as\u00ed lo ameriten, actualizaci\u00f3n de los procesos del responsable o encargado del tratamiento, entre otros aspectos.&nbsp;<\/li><\/ul>\n\n\n\n<p>Nuestro Estudio forma parte de la Asociaci\u00f3n Latinoamericana de Privacidad (ALAP) con miembros de nuestro Equipo formados en el exterior en materia de Cursos de Delegado de Protecci\u00f3n de Datos (DPD) o Data Protection Officer (DPO).<\/p>\n\n\n\n<\/div>\n\n\n\n<h2 class=\"wp-block-heading\"><span style=\"color:#003152\" class=\"has-inline-color\">R\u00c9GIMEN DE BIENES Y PLANIFICACI\u00d3N DE SUCESORIA<\/span><\/h2>\n\n\n\n<span class=\"collapseomatic \" id=\"id69d07c3d8f749\"  tabindex=\"0\" title=\"\"    ><\/span><div id=\"target-id69d07c3d8f749\" class=\"collapseomatic_content \">\n\n\n\n<p>Asesoramos a nuestros clientes tanto en el \u00e1rea judicial como extrajudicial, en la prevenci\u00f3n de conflictos en materia patrimonial derivadas de Sociedad Conyugal, uni\u00f3n concubinaria o en materia Sucesoria, asistiendo a los clientes en la planificaci\u00f3n para la eventual y futura distribuci\u00f3n de bienes.<\/p>\n\n\n\n<p>Nuestra experiencia se centra en las siguientes \u00e1reas:<\/p>\n\n\n\n<ul class=\"wp-block-list\"><li>Sucesiones y planificaci\u00f3n sucesoria, con principal enfoque en la actividad empresarial.<\/li><li>R\u00e9gimen de bienes en sociedad conyugal o uni\u00f3n concubinaria.<\/li><\/ul>\n\n\n\n<\/div>\n","protected":false},"excerpt":{"rendered":"<p>ADMINISTRATIVO Y REGULATORIO AMBIENTAL ASESORAMIENTO EN SALUD Y MEDICAMENTOS ASESORAMIENTO EN MATERIA MIGRATORIA Y RESIDENCIAS BANCARIO Y FINANCIERO CONTENCIOSO CORPORATIVO CUMPLIMIENTO NORMATIVO DERECHO DE LA COMPETENCIA LABORAL NOTARIAL PROTECCI\u00d3N DE DATOS R\u00c9GIMEN DE BIENES Y PLANIFICACI\u00d3N DE SUCESORIA<\/p>\n","protected":false},"author":1,"featured_media":0,"parent":0,"menu_order":0,"comment_status":"closed","ping_status":"closed","template":"","meta":{"footnotes":""},"class_list":["post-2","page","type-page","status-publish","hentry"],"_links":{"self":[{"href":"https:\/\/ppe.com.uy\/index.php\/wp-json\/wp\/v2\/pages\/2"}],"collection":[{"href":"https:\/\/ppe.com.uy\/index.php\/wp-json\/wp\/v2\/pages"}],"about":[{"href":"https:\/\/ppe.com.uy\/index.php\/wp-json\/wp\/v2\/types\/page"}],"author":[{"embeddable":true,"href":"https:\/\/ppe.com.uy\/index.php\/wp-json\/wp\/v2\/users\/1"}],"replies":[{"embeddable":true,"href":"https:\/\/ppe.com.uy\/index.php\/wp-json\/wp\/v2\/comments?post=2"}],"version-history":[{"count":27,"href":"https:\/\/ppe.com.uy\/index.php\/wp-json\/wp\/v2\/pages\/2\/revisions"}],"predecessor-version":[{"id":646,"href":"https:\/\/ppe.com.uy\/index.php\/wp-json\/wp\/v2\/pages\/2\/revisions\/646"}],"wp:attachment":[{"href":"https:\/\/ppe.com.uy\/index.php\/wp-json\/wp\/v2\/media?parent=2"}],"curies":[{"name":"wp","href":"https:\/\/api.w.org\/{rel}","templated":true}]}}