{"id":570,"date":"2021-09-10T00:27:10","date_gmt":"2021-09-10T03:27:10","guid":{"rendered":"https:\/\/ppe.com.uy\/?page_id=570"},"modified":"2021-10-16T21:09:26","modified_gmt":"2021-10-17T00:09:26","slug":"politica-de-privacidad","status":"publish","type":"page","link":"https:\/\/ppe.com.uy\/index.php\/politica-de-privacidad\/","title":{"rendered":"Pol\u00edtica de privacidad"},"content":{"rendered":"\n<p class=\"has-small-font-size\">\u00daltima actualizaci\u00f3n: 10 de setiembre 2021<\/p>\n\n\n\n<p>La protecci\u00f3n de datos personales es uno de los valores de PPE Abogados y un objetivo primordial para nuestro Estudio.<br>PPE Abogados reconoce la importancia y se encuentra comprometida con la protecci\u00f3n de los datos personales de quienes hagan uso de sus servicios y de quienes se relacionen con PPE Abogados de cualquier forma en el marco de sus actividades (entre ellos, tratamiento de los datos personales facilitados por los clientes, proveedores, mediante sitio web, suscripci\u00f3n a nuestro newsletter, inscripci\u00f3n o registro en eventos, y cualquier otra modalidad o v\u00eda mediante la cual un interesado nos facilite datos personales) por lo que aplicar\u00e1 sus mayores esfuerzos y diligencia en su tratamiento, conforme a la pol\u00edtica que se explicita detalladamente en el presente documento.<br>Esta pol\u00edtica asegurar\u00e1 el cumplimiento de la normativa y de los est\u00e1ndares internacionales, permiti\u00e9ndole a PPE Abogados gestionar los controles y acciones requeridas para garantizar la protecci\u00f3n de los datos de car\u00e1cter personal de los cuales es responsable, en forma concomitante y conjunta con la seguridad de la informaci\u00f3n.<br>PPE Abogados en beneficio del ejercicio de una responsabilidad proactiva adopta todas las medidas t\u00e9cnicas y organizativas apropiadas a fin de poder demostrar que el tratamiento de esos datos es conforme a la ley y garantizar la seguridad, integridad y confidencialidad de los datos conforme a lo dispuesto en la normativa vigente. Entre las medidas adoptadas a fin de poder demostrar tal conformidad, se encuentra la de establecer pol\u00edticas internas de protecci\u00f3n de datos personales.<br>La protecci\u00f3n de datos personales implementa controles que permiten asegurar la aplicaci\u00f3n de los principios de: Legalidad, Veracidad, Finalidad, Previo consentimiento informado, Seguridad de los datos, Reserva y Responsabilidad.<br>Asimismo, tambi\u00e9n busca garantizar los derechos de los titulares de los datos a: Informaci\u00f3n frente a la recolecci\u00f3n de Datos, Acceso, Rectificaci\u00f3n, Actualizaci\u00f3n, Inclusi\u00f3n, Supresi\u00f3n e Impugnaci\u00f3n de valoraciones personales.<br>PPE Abogados, en cumplimiento de la normativa vigente relativa a la protecci\u00f3n de datos personales, informa que los datos personales que se recogen a trav\u00e9s de los formularios del Sitio Web incluidos en la Secci\u00f3n Contacto, se incluyen en la base de datos espec\u00edfica de Clientes de los servicios de PPE Abogados.<\/p>\n\n\n\n<p>Identificaci\u00f3n del Responsable de Tratamiento<br>PPE Abogados S.C., sociedad domiciliada en la calle Rinc\u00f3n 487, oficina 502, Montevideo, y tel\u00e9fono (+598) 2915 66 20 es el responsable del tratamiento de sus datos personales.<br>Asimismo, le informamos que PPE ABOGADOS cuenta con un Delegado de Protecci\u00f3n de Datos, al cual podr\u00e1 dirigirse a trav\u00e9s de la siguiente direcci\u00f3n: datospersonales@ppe.com.uy.<\/p>\n\n\n\n<p>Finalidades del Tratamiento<br>Los datos personales recabados se utilizan con la finalidad de dar cumplimiento a las tareas jur\u00eddicas, contables o notariales requeridas y a efectos de dar cumplimiento a las obligaciones y deberes consignados en el ordenamiento jur\u00eddico aplicable.<br>En PPE Abogados trataremos tus datos personales recabados a trav\u00e9s del Sitio Web: www.ppe.com.uy, con las siguientes finalidades:<br>1) En caso de contrataci\u00f3n de los servicios ofertados a trav\u00e9s de www.ppe.com.uy, para mantener la relaci\u00f3n contractual, as\u00ed como la gesti\u00f3n, administraci\u00f3n, informaci\u00f3n, prestaci\u00f3n y mejora del servicio.<br>2) Env\u00edo de informaci\u00f3n solicitada a trav\u00e9s de los formularios dispuestos en Secci\u00f3n Contacto de la P\u00e1gina Web.<br>3) Remitir comunicaciones institucionales, newsletters, invitaciones, recordatorios o agradecimientos por asistencia a eventos, contenidos jur\u00eddicos o contables, publicaciones, informes, revistas o libros, encuestas de valoraci\u00f3n del servicio,<br>4) Convocatorias a entrevistas a candidatos para prestar servicios o trabajar en el Estudio y, eventualmente, la actualizaci\u00f3n de datos de contacto.<br>Te recordamos que puedes oponerte al env\u00edo de comunicaciones por cualquier v\u00eda y en cualquier momento, remitiendo un correo electr\u00f3nico a la direcci\u00f3n indicada anteriormente.<br>El procesamiento de datos, de ser necesario, realizado directamente por PPE Abogados o por un encargado de tratamiento, ser\u00e1 en cualquier caso efectuado de tal forma que se cumpla con nuestra Pol\u00edtica de Privacidad.<\/p>\n\n\n\n<p>Destinatarios de los datos<br>Sus datos no ser\u00e1n cedidos ni comunicados a terceros, salvo por obligaci\u00f3n legal, con excepci\u00f3n de los proveedores que sean encargados del tratamiento o aquellas entidades que sean necesarias con el \u00fanico objetivo de dar cumplimiento a la finalidad anteriormente expuesta.<br>Como encargados de tratamiento, tenemos contratados proveedores de servicios, habi\u00e9ndose comprometido al cumplimiento de las disposiciones normativas, de aplicaci\u00f3n en materia de protecci\u00f3n de datos, en el momento de su contrataci\u00f3n.<\/p>\n\n\n\n<p>Legitimaci\u00f3n del tratamiento<br>La legitimaci\u00f3n del tratamiento de los datos personales se realiza con las siguientes bases jur\u00eddicas que legitiman el mismo:<\/p>\n\n\n\n<ol class=\"wp-block-list\"><li>La relaci\u00f3n contractual que se establezca, as\u00ed como el cumplimiento de las obligaciones profesionales y legales derivadas del mismo. La solicitud de informaci\u00f3n y\/o la contrataci\u00f3n de los servicios de PPE ABOGADOS, cuyos t\u00e9rminos y condiciones se pondr\u00e1n a tu disposici\u00f3n en todo caso, de forma previa a una eventual contrataci\u00f3n.<\/li><li>El consentimiento libre, espec\u00edfico, informado e inequ\u00edvoco, en tanto que te informamos poniendo a tu disposici\u00f3n la presente pol\u00edtica de privacidad, que tras la lectura de la misma, en caso de estar conforme, puedes aceptar mediante una declaraci\u00f3n o una clara acci\u00f3n afirmativa, como el marcado de una casilla dispuesta al efecto.<br>En caso de que no nos facilites tus datos o lo hagas de forma err\u00f3nea o incompleta, no podremos atender tu solicitud, resultando del todo imposible proporcionarte la informaci\u00f3n solicitada o llevar a cabo la contrataci\u00f3n de los servicios.<\/li><\/ol>\n\n\n\n<p>Comunicaciones de los datos<br>Los datos derivados del contacto y la consulta podr\u00e1n ser comunicados a los colaboradores de PPE Abogados. En el caso de que posteriormente se produzca la contrataci\u00f3n profesional, PPE Abogados podr\u00e1 comunicar sus datos a otros profesionales que deban intervenir o sea conveniente que intervengan para una mejor gesti\u00f3n y prestaci\u00f3n de los servicios contratados.<\/p>\n\n\n\n<p>Derechos de los interesados<br>Como titular de sus datos, usted tiene el control sobre los mismos y, podr\u00e1 ejercer sus derechos en cualquier momento, enviando un email a la direcci\u00f3n datospersonales@ppe.com.uy, o personalmente en la direcci\u00f3n Rinc\u00f3n 487 Oficina 502, Montevideo, Uruguay, indicando el derecho que quiere ejercer y sus datos identificativos (derecho de acceso, rectificaci\u00f3n, oposici\u00f3n y cancelaci\u00f3n).<br>Estos derechos los podr\u00e1 ejercer gratuitamente. En caso de que considere que sus derechos no han sido debidamente atendidos, podr\u00e1 presentar una reclamaci\u00f3n ante datospersonales@ppe.com.uy o ante la autoridad de control pertinente https:\/\/www.gub.uy\/unidad-reguladora-control-datos-personales\/ (Unidad Reguladora y de Control de Datos Personales).<\/p>\n\n\n\n<p>El interesado manifiesta que todos los datos facilitados por \u00e9l son ciertos y correctos, y se compromete a mantenerlos actualizados, comunicando los cambios a datospersonales@ppe.com.uy.<\/p>\n\n\n\n<p>Plazos de conservaci\u00f3n<br>Los datos personales proporcionados se conservar\u00e1n durante el plazo estrictamente necesario para conseguir las finalidades del tratamiento y mientras se mantenga la relaci\u00f3n contractual, sin perjuicio de su conservaci\u00f3n para la puesta a disposici\u00f3n de las autoridades competentes y para hacer frente a reclamaciones derivadas de la responsabilidad legal por los servicios prestados. En tal caso, los datos se conservar\u00e1n bloqueados hasta la finalizaci\u00f3n del plazo de prescripci\u00f3n, en cuyo momento ser\u00e1n eliminados.<\/p>\n\n\n\n<p>Confidencialidad y seguridad en el tratamiento de los datos personales<br>Los datos recibidos por PPE Abogados ser\u00e1n tratados con la m\u00e1xima reserva, confidencialidad y exclusivamente con la finalidad de ofrecer los servicios solicitados, con todas las garant\u00edas legales y de seguridad que impone la normativa uruguaya vigente en materia de protecci\u00f3n de datos personales. Esto implica, adem\u00e1s la suscripci\u00f3n con todo el personal de PPE Abogados, profesionales o no, as\u00ed como con todos los terceros colaboradores, que le presten servicios con acceso a datos personales bajo su responsabilidad, cl\u00e1usulas de confidencialidad sobre la informaci\u00f3n de clientes conocida en virtud del desempe\u00f1o de tareas en el Estudio. Asimismo tienen el deber de colaborar en la mejora y requisitos en materia de protecci\u00f3n de datos evitando y aminorando los riesgos a los que se encuentra expuesta la informaci\u00f3n y los datos personales bajo responsabilidad de PPE Abogados.<br>PPE Abogados ha establecido todos los medios t\u00e9cnicos y organizativos a su alcance para evitar la p\u00e9rdida, mal uso, alteraci\u00f3n, acceso no autorizado o copia de los datos facilitados.<\/p>\n","protected":false},"excerpt":{"rendered":"<p>\u00daltima actualizaci\u00f3n: 10 de setiembre 2021 La protecci\u00f3n de datos personales es uno de los valores de PPE Abogados y un objetivo primordial para nuestro Estudio.PPE Abogados reconoce la importancia y se encuentra comprometida con la protecci\u00f3n de los datos personales de quienes hagan uso de sus servicios y de quienes se relacionen con PPE<a href=\"https:\/\/ppe.com.uy\/index.php\/politica-de-privacidad\/\">[&#8230;]<\/a><\/p>\n","protected":false},"author":1,"featured_media":0,"parent":0,"menu_order":0,"comment_status":"closed","ping_status":"closed","template":"","meta":{"footnotes":""},"class_list":["post-570","page","type-page","status-publish","hentry"],"_links":{"self":[{"href":"https:\/\/ppe.com.uy\/index.php\/wp-json\/wp\/v2\/pages\/570"}],"collection":[{"href":"https:\/\/ppe.com.uy\/index.php\/wp-json\/wp\/v2\/pages"}],"about":[{"href":"https:\/\/ppe.com.uy\/index.php\/wp-json\/wp\/v2\/types\/page"}],"author":[{"embeddable":true,"href":"https:\/\/ppe.com.uy\/index.php\/wp-json\/wp\/v2\/users\/1"}],"replies":[{"embeddable":true,"href":"https:\/\/ppe.com.uy\/index.php\/wp-json\/wp\/v2\/comments?post=570"}],"version-history":[{"count":4,"href":"https:\/\/ppe.com.uy\/index.php\/wp-json\/wp\/v2\/pages\/570\/revisions"}],"predecessor-version":[{"id":575,"href":"https:\/\/ppe.com.uy\/index.php\/wp-json\/wp\/v2\/pages\/570\/revisions\/575"}],"wp:attachment":[{"href":"https:\/\/ppe.com.uy\/index.php\/wp-json\/wp\/v2\/media?parent=570"}],"curies":[{"name":"wp","href":"https:\/\/api.w.org\/{rel}","templated":true}]}}